{"id":20475,"date":"2025-10-22T23:22:37","date_gmt":"2025-10-22T21:22:37","guid":{"rendered":"https:\/\/artconsultingmese.de\/?page_id=20475"},"modified":"2026-03-24T12:33:12","modified_gmt":"2026-03-24T11:33:12","slug":"honorar","status":"publish","type":"page","link":"https:\/\/artconsultingmese.de\/en\/honorar\/","title":{"rendered":"Honorar"},"content":{"rendered":"<div data-elementor-type=\"wp-page\" data-elementor-id=\"20475\" class=\"elementor elementor-20475\" data-elementor-post-type=\"page\">\n\t\t\t\t\t\t<section class=\"elementor-section elementor-top-section elementor-element elementor-element-0e1017c elementor-section-boxed elementor-section-height-default elementor-section-height-default\" data-id=\"0e1017c\" data-element_type=\"section\" data-e-type=\"section\">\n\t\t\t\t\t\t<div class=\"elementor-container elementor-column-gap-default\">\n\t\t\t\t\t<div class=\"elementor-column elementor-col-100 elementor-top-column elementor-element elementor-element-b6dded6\" data-id=\"b6dded6\" data-element_type=\"column\" data-e-type=\"column\">\n\t\t\t<div class=\"elementor-widget-wrap elementor-element-populated\">\n\t\t\t\t\t\t<div class=\"elementor-element elementor-element-6d3dec8 elementor-widget elementor-widget-image\" data-id=\"6d3dec8\" data-element_type=\"widget\" data-e-type=\"widget\" data-widget_type=\"image.default\">\n\t\t\t\t<div class=\"elementor-widget-container\">\n\t\t\t\t\t\t\t\t\t\t\t\t\t\t\t<img fetchpriority=\"high\" decoding=\"async\" width=\"2560\" height=\"1402\" src=\"https:\/\/artconsultingmese.de\/wp-content\/uploads\/2026\/03\/andhoj-falcon-5709108_Bild-von-Andreas-Hoja-auf-Pixabay-scaled.jpg\" class=\"attachment-full size-full wp-image-20634\" alt=\"Agnieszka Mese - Horus - Art Consulting Mese\" srcset=\"https:\/\/artconsultingmese.de\/wp-content\/uploads\/2026\/03\/andhoj-falcon-5709108_Bild-von-Andreas-Hoja-auf-Pixabay-scaled.jpg 2560w, https:\/\/artconsultingmese.de\/wp-content\/uploads\/2026\/03\/andhoj-falcon-5709108_Bild-von-Andreas-Hoja-auf-Pixabay-300x164.jpg 300w, https:\/\/artconsultingmese.de\/wp-content\/uploads\/2026\/03\/andhoj-falcon-5709108_Bild-von-Andreas-Hoja-auf-Pixabay-1024x561.jpg 1024w, https:\/\/artconsultingmese.de\/wp-content\/uploads\/2026\/03\/andhoj-falcon-5709108_Bild-von-Andreas-Hoja-auf-Pixabay-768x421.jpg 768w, https:\/\/artconsultingmese.de\/wp-content\/uploads\/2026\/03\/andhoj-falcon-5709108_Bild-von-Andreas-Hoja-auf-Pixabay-1536x841.jpg 1536w, https:\/\/artconsultingmese.de\/wp-content\/uploads\/2026\/03\/andhoj-falcon-5709108_Bild-von-Andreas-Hoja-auf-Pixabay-2048x1122.jpg 2048w, https:\/\/artconsultingmese.de\/wp-content\/uploads\/2026\/03\/andhoj-falcon-5709108_Bild-von-Andreas-Hoja-auf-Pixabay-18x10.jpg 18w\" sizes=\"(max-width: 2560px) 100vw, 2560px\" \/>\t\t\t\t\t\t\t\t\t\t\t\t\t\t\t<\/div>\n\t\t\t\t<\/div>\n\t\t\t\t<div class=\"elementor-element elementor-element-a1025e5 elementor-widget elementor-widget-heading\" data-id=\"a1025e5\" data-element_type=\"widget\" data-e-type=\"widget\" data-widget_type=\"heading.default\">\n\t\t\t\t<div class=\"elementor-widget-container\">\n\t\t\t\t\t<h1 class=\"elementor-heading-title elementor-size-default\">Honorar<\/h1>\t\t\t\t<\/div>\n\t\t\t\t<\/div>\n\t\t\t\t<div class=\"elementor-element elementor-element-b59c8c5 elementor-widget elementor-widget-text-editor\" data-id=\"b59c8c5\" data-element_type=\"widget\" data-e-type=\"widget\" data-widget_type=\"text-editor.default\">\n\t\t\t\t<div class=\"elementor-widget-container\">\n\t\t\t\t\t\t\t\t\t<p>Meine Leistungen werden auf Honorarbasis abgerechnet und orientieren sich stets am individuellen Umfang Ihres Projekts sowie an Ihren pers\u00f6nlichen Anforderungen.&nbsp;<\/p>\t\t\t\t\t\t\t\t<\/div>\n\t\t\t\t<\/div>\n\t\t\t\t<div class=\"elementor-element elementor-element-0eaaba3 elementor-widget elementor-widget-text-editor\" data-id=\"0eaaba3\" data-element_type=\"widget\" data-e-type=\"widget\" data-widget_type=\"text-editor.default\">\n\t\t\t\t<div class=\"elementor-widget-container\">\n\t\t\t\t\t\t\t\t\tIn der Regel vereinbare ich mit Ihnen einen transparenten Pauschalpreis, den ich auf Grundlage unserer Expertensession pr\u00e4zise einsch\u00e4tzen kann. Diese Kosteneinsch\u00e4tzung erhalten Sie grunds\u00e4tzlich schriftlich \u2013 auf Wunsch auch in Form eines detaillierten Kostenvoranschlags. In der Regel liegt Ihnen dieser innerhalb weniger Tage nach unserem Termin vor.\t\t\t\t\t\t\t\t<\/div>\n\t\t\t\t<\/div>\n\t\t\t\t<div class=\"elementor-element elementor-element-a498463 elementor-widget elementor-widget-text-editor\" data-id=\"a498463\" data-element_type=\"widget\" data-e-type=\"widget\" data-widget_type=\"text-editor.default\">\n\t\t\t\t<div class=\"elementor-widget-container\">\n\t\t\t\t\t\t\t\t\tAbh\u00e4ngig von Umfang und Komplexit\u00e4t des Projekts wird eine Vorauszahlung von bis zu 50 % des vereinbarten Honorars f\u00e4llig. Diese bildet die Grundlage und den verbindlichen Start unserer Zusammenarbeit. Der verbleibende Betrag wird nach erfolgreichem Abschluss des Projekts beglichen.\t\t\t\t\t\t\t\t<\/div>\n\t\t\t\t<\/div>\n\t\t\t\t<div class=\"elementor-element elementor-element-026398a elementor-widget elementor-widget-text-editor\" data-id=\"026398a\" data-element_type=\"widget\" data-e-type=\"widget\" data-widget_type=\"text-editor.default\">\n\t\t\t\t<div class=\"elementor-widget-container\">\n\t\t\t\t\t\t\t\t\tBei Beauftragung im gesch\u00e4ftlichen Kontext kann meine Dienstleistung unter Umst\u00e4nden steuerlich geltend gemacht werden.\nF\u00fcr eine verbindliche Einsch\u00e4tzung empfehle ich, vorab R\u00fccksprache mit Ihrem Steuerberater zu halten.\n\t\t\t\t\t\t\t\t<\/div>\n\t\t\t\t<\/div>\n\t\t\t\t\t<\/div>\n\t\t<\/div>\n\t\t\t\t\t<\/div>\n\t\t<\/section>\n\t\t\t\t<section class=\"elementor-section elementor-top-section elementor-element elementor-element-c94cd51 elementor-section-boxed elementor-section-height-default elementor-section-height-default\" data-id=\"c94cd51\" data-element_type=\"section\" data-e-type=\"section\">\n\t\t\t\t\t\t<div class=\"elementor-container elementor-column-gap-default\">\n\t\t\t\t\t<div class=\"elementor-column elementor-col-100 elementor-top-column elementor-element elementor-element-370ea17\" data-id=\"370ea17\" data-element_type=\"column\" data-e-type=\"column\">\n\t\t\t<div class=\"elementor-widget-wrap elementor-element-populated\">\n\t\t\t\t\t\t<div class=\"elementor-element elementor-element-bd94928 elementor-widget-divider--view-line_icon elementor-view-default elementor-widget-divider--element-align-center elementor-widget elementor-widget-divider\" data-id=\"bd94928\" data-element_type=\"widget\" data-e-type=\"widget\" data-widget_type=\"divider.default\">\n\t\t\t\t<div class=\"elementor-widget-container\">\n\t\t\t\t\t\t\t<div class=\"elementor-divider\">\n\t\t\t<span class=\"elementor-divider-separator\">\n\t\t\t\t\t\t\t<div class=\"elementor-icon elementor-divider__element\">\n\t\t\t\t\t<svg aria-hidden=\"true\" class=\"e-font-icon-svg e-fas-circle\" viewbox=\"0 0 512 512\" xmlns=\"http:\/\/www.w3.org\/2000\/svg\"><path d=\"M256 8C119 8 8 119 8 256s111 248 248 248 248-111 248-248S393 8 256 8z\"><\/path><\/svg><\/div>\n\t\t\t\t\t\t<\/span>\n\t\t<\/div>\n\t\t\t\t\t\t<\/div>\n\t\t\t\t<\/div>\n\t\t\t\t<div class=\"elementor-element elementor-element-eaf23cc elementor-widget elementor-widget-text-editor\" data-id=\"eaf23cc\" data-element_type=\"widget\" data-e-type=\"widget\" data-widget_type=\"text-editor.default\">\n\t\t\t\t<div class=\"elementor-widget-container\">\n\t\t\t\t\t\t\t\t\tArt Consulting Mese\t\t\t\t\t\t\t\t<\/div>\n\t\t\t\t<\/div>\n\t\t\t\t<div class=\"elementor-element elementor-element-6111e26 elementor-widget elementor-widget-text-editor\" data-id=\"6111e26\" data-element_type=\"widget\" data-e-type=\"widget\" data-widget_type=\"text-editor.default\">\n\t\t\t\t<div class=\"elementor-widget-container\">\n\t\t\t\t\t\t\t\t\tIhre pers\u00f6nliche Kunstberatung &#8211; unabh\u00e4ngig &amp; diskret\t\t\t\t\t\t\t\t<\/div>\n\t\t\t\t<\/div>\n\t\t\t\t\t<\/div>\n\t\t<\/div>\n\t\t\t\t\t<\/div>\n\t\t<\/section>\n\t\t\t\t<\/div>","protected":false},"excerpt":{"rendered":"<p>Honorar Meine Leistungen werden auf Honorarbasis abgerechnet und orientieren sich stets am individuellen Umfang Ihres Projekts sowie an Ihren pers\u00f6nlichen Anforderungen.&nbsp; In der Regel vereinbare ich mit Ihnen einen transparenten Pauschalpreis, den ich auf Grundlage unserer Expertensession pr\u00e4zise einsch\u00e4tzen kann. Diese Kosteneinsch\u00e4tzung erhalten Sie grunds\u00e4tzlich schriftlich \u2013 auf Wunsch auch [&hellip;]<\/p>","protected":false},"author":1,"featured_media":0,"parent":0,"menu_order":0,"comment_status":"closed","ping_status":"closed","template":"page-templates\/template-pagebuilder-full-width.php","meta":{"footnotes":""},"class_list":["post-20475","page","type-page","status-publish","hentry"],"yoast_head":"<!-- This site is optimized with the Yoast SEO plugin v27.4 - https:\/\/yoast.com\/product\/yoast-seo-wordpress\/ -->\n<title>Honorar - Art Consulting Mese<\/title>\n<meta name=\"description\" content=\"Meine Verg\u00fctung erfolgt als Honorar, das sich je nach Gr\u00f6\u00dfe des Projektes ergibt. So erhalten Sie eine unabh\u00e4ngige Beratung ganz in Ihrem Sinne.\" \/>\n<meta name=\"robots\" content=\"index, follow, max-snippet:-1, max-image-preview:large, max-video-preview:-1\" \/>\n<link rel=\"canonical\" href=\"https:\/\/artconsultingmese.de\/en\/honorar\/\" \/>\n<meta property=\"og:locale\" content=\"en_GB\" \/>\n<meta property=\"og:type\" content=\"article\" \/>\n<meta property=\"og:title\" content=\"Honorar - Art Consulting Mese\" \/>\n<meta property=\"og:description\" content=\"Meine Verg\u00fctung erfolgt als Honorar, das sich je nach Gr\u00f6\u00dfe des Projektes ergibt. So erhalten Sie eine unabh\u00e4ngige Beratung ganz in Ihrem Sinne.\" \/>\n<meta property=\"og:url\" content=\"https:\/\/artconsultingmese.de\/en\/honorar\/\" \/>\n<meta property=\"og:site_name\" content=\"Art Consulting Mese\" \/>\n<meta property=\"article:modified_time\" content=\"2026-03-24T11:33:12+00:00\" \/>\n<meta property=\"og:image\" content=\"https:\/\/artconsultingmese.de\/wp-content\/uploads\/2026\/03\/andhoj-falcon-5709108_Bild-von-Andreas-Hoja-auf-Pixabay-scaled.jpg\" \/>\n\t<meta property=\"og:image:width\" content=\"2560\" \/>\n\t<meta property=\"og:image:height\" content=\"1402\" \/>\n\t<meta property=\"og:image:type\" content=\"image\/jpeg\" \/>\n<meta name=\"twitter:card\" content=\"summary_large_image\" \/>\n<meta name=\"twitter:label1\" content=\"Estimated reading time\" \/>\n\t<meta name=\"twitter:data1\" content=\"1 minute\" \/>\n<script type=\"application\/ld+json\" class=\"yoast-schema-graph\">{\"@context\":\"https:\\\/\\\/schema.org\",\"@graph\":[{\"@type\":\"WebPage\",\"@id\":\"https:\\\/\\\/artconsultingmese.de\\\/honorar\\\/\",\"url\":\"https:\\\/\\\/artconsultingmese.de\\\/honorar\\\/\",\"name\":\"Honorar - Art Consulting Mese\",\"isPartOf\":{\"@id\":\"https:\\\/\\\/artconsultingmese.de\\\/#website\"},\"primaryImageOfPage\":{\"@id\":\"https:\\\/\\\/artconsultingmese.de\\\/honorar\\\/#primaryimage\"},\"image\":{\"@id\":\"https:\\\/\\\/artconsultingmese.de\\\/honorar\\\/#primaryimage\"},\"thumbnailUrl\":\"https:\\\/\\\/artconsultingmese.de\\\/wp-content\\\/uploads\\\/2026\\\/03\\\/andhoj-falcon-5709108_Bild-von-Andreas-Hoja-auf-Pixabay-scaled.jpg\",\"datePublished\":\"2025-10-22T21:22:37+00:00\",\"dateModified\":\"2026-03-24T11:33:12+00:00\",\"description\":\"Meine Verg\u00fctung erfolgt als Honorar, das sich je nach Gr\u00f6\u00dfe des Projektes ergibt. So erhalten Sie eine unabh\u00e4ngige Beratung ganz in Ihrem Sinne.\",\"breadcrumb\":{\"@id\":\"https:\\\/\\\/artconsultingmese.de\\\/honorar\\\/#breadcrumb\"},\"inLanguage\":\"en-GB\",\"potentialAction\":[{\"@type\":\"ReadAction\",\"target\":[\"https:\\\/\\\/artconsultingmese.de\\\/honorar\\\/\"]}]},{\"@type\":\"ImageObject\",\"inLanguage\":\"en-GB\",\"@id\":\"https:\\\/\\\/artconsultingmese.de\\\/honorar\\\/#primaryimage\",\"url\":\"https:\\\/\\\/artconsultingmese.de\\\/wp-content\\\/uploads\\\/2026\\\/03\\\/andhoj-falcon-5709108_Bild-von-Andreas-Hoja-auf-Pixabay-scaled.jpg\",\"contentUrl\":\"https:\\\/\\\/artconsultingmese.de\\\/wp-content\\\/uploads\\\/2026\\\/03\\\/andhoj-falcon-5709108_Bild-von-Andreas-Hoja-auf-Pixabay-scaled.jpg\"},{\"@type\":\"BreadcrumbList\",\"@id\":\"https:\\\/\\\/artconsultingmese.de\\\/honorar\\\/#breadcrumb\",\"itemListElement\":[{\"@type\":\"ListItem\",\"position\":1,\"name\":\"Startseite\",\"item\":\"https:\\\/\\\/artconsultingmese.de\\\/\"},{\"@type\":\"ListItem\",\"position\":2,\"name\":\"Honorar\"}]},{\"@type\":\"WebSite\",\"@id\":\"https:\\\/\\\/artconsultingmese.de\\\/#website\",\"url\":\"https:\\\/\\\/artconsultingmese.de\\\/\",\"name\":\"Art Consulting Mese\",\"description\":\"Ihre Kunstberatung - unabh\u00e4ngig und diskret\",\"publisher\":{\"@id\":\"https:\\\/\\\/artconsultingmese.de\\\/#organization\"},\"potentialAction\":[{\"@type\":\"SearchAction\",\"target\":{\"@type\":\"EntryPoint\",\"urlTemplate\":\"https:\\\/\\\/artconsultingmese.de\\\/?s={search_term_string}\"},\"query-input\":{\"@type\":\"PropertyValueSpecification\",\"valueRequired\":true,\"valueName\":\"search_term_string\"}}],\"inLanguage\":\"en-GB\"},{\"@type\":\"Organization\",\"@id\":\"https:\\\/\\\/artconsultingmese.de\\\/#organization\",\"name\":\"Art Consulting Mese\",\"url\":\"https:\\\/\\\/artconsultingmese.de\\\/\",\"logo\":{\"@type\":\"ImageObject\",\"inLanguage\":\"en-GB\",\"@id\":\"https:\\\/\\\/artconsultingmese.de\\\/#\\\/schema\\\/logo\\\/image\\\/\",\"url\":\"https:\\\/\\\/artconsultingmese.de\\\/wp-content\\\/uploads\\\/2018\\\/05\\\/cropped-cropped-Bildmarke_ArtConsultingMese_Goldeffekt-3.png\",\"contentUrl\":\"https:\\\/\\\/artconsultingmese.de\\\/wp-content\\\/uploads\\\/2018\\\/05\\\/cropped-cropped-Bildmarke_ArtConsultingMese_Goldeffekt-3.png\",\"width\":512,\"height\":511,\"caption\":\"Art Consulting Mese\"},\"image\":{\"@id\":\"https:\\\/\\\/artconsultingmese.de\\\/#\\\/schema\\\/logo\\\/image\\\/\"}}]}<\/script>\n<!-- \/ Yoast SEO plugin. -->","yoast_head_json":{"title":"Honorar - Art Consulting Mese","description":"Meine Verg\u00fctung erfolgt als Honorar, das sich je nach Gr\u00f6\u00dfe des Projektes ergibt. So erhalten Sie eine unabh\u00e4ngige Beratung ganz in Ihrem Sinne.","robots":{"index":"index","follow":"follow","max-snippet":"max-snippet:-1","max-image-preview":"max-image-preview:large","max-video-preview":"max-video-preview:-1"},"canonical":"https:\/\/artconsultingmese.de\/en\/honorar\/","og_locale":"en_GB","og_type":"article","og_title":"Honorar - Art Consulting Mese","og_description":"Meine Verg\u00fctung erfolgt als Honorar, das sich je nach Gr\u00f6\u00dfe des Projektes ergibt. So erhalten Sie eine unabh\u00e4ngige Beratung ganz in Ihrem Sinne.","og_url":"https:\/\/artconsultingmese.de\/en\/honorar\/","og_site_name":"Art Consulting Mese","article_modified_time":"2026-03-24T11:33:12+00:00","og_image":[{"width":2560,"height":1402,"url":"https:\/\/artconsultingmese.de\/wp-content\/uploads\/2026\/03\/andhoj-falcon-5709108_Bild-von-Andreas-Hoja-auf-Pixabay-scaled.jpg","type":"image\/jpeg"}],"twitter_card":"summary_large_image","twitter_misc":{"Estimated reading time":"1 minute"},"schema":{"@context":"https:\/\/schema.org","@graph":[{"@type":"WebPage","@id":"https:\/\/artconsultingmese.de\/honorar\/","url":"https:\/\/artconsultingmese.de\/honorar\/","name":"Honorar - Art Consulting Mese","isPartOf":{"@id":"https:\/\/artconsultingmese.de\/#website"},"primaryImageOfPage":{"@id":"https:\/\/artconsultingmese.de\/honorar\/#primaryimage"},"image":{"@id":"https:\/\/artconsultingmese.de\/honorar\/#primaryimage"},"thumbnailUrl":"https:\/\/artconsultingmese.de\/wp-content\/uploads\/2026\/03\/andhoj-falcon-5709108_Bild-von-Andreas-Hoja-auf-Pixabay-scaled.jpg","datePublished":"2025-10-22T21:22:37+00:00","dateModified":"2026-03-24T11:33:12+00:00","description":"Meine Verg\u00fctung erfolgt als Honorar, das sich je nach Gr\u00f6\u00dfe des Projektes ergibt. So erhalten Sie eine unabh\u00e4ngige Beratung ganz in Ihrem Sinne.","breadcrumb":{"@id":"https:\/\/artconsultingmese.de\/honorar\/#breadcrumb"},"inLanguage":"en-GB","potentialAction":[{"@type":"ReadAction","target":["https:\/\/artconsultingmese.de\/honorar\/"]}]},{"@type":"ImageObject","inLanguage":"en-GB","@id":"https:\/\/artconsultingmese.de\/honorar\/#primaryimage","url":"https:\/\/artconsultingmese.de\/wp-content\/uploads\/2026\/03\/andhoj-falcon-5709108_Bild-von-Andreas-Hoja-auf-Pixabay-scaled.jpg","contentUrl":"https:\/\/artconsultingmese.de\/wp-content\/uploads\/2026\/03\/andhoj-falcon-5709108_Bild-von-Andreas-Hoja-auf-Pixabay-scaled.jpg"},{"@type":"BreadcrumbList","@id":"https:\/\/artconsultingmese.de\/honorar\/#breadcrumb","itemListElement":[{"@type":"ListItem","position":1,"name":"Startseite","item":"https:\/\/artconsultingmese.de\/"},{"@type":"ListItem","position":2,"name":"Honorar"}]},{"@type":"WebSite","@id":"https:\/\/artconsultingmese.de\/#website","url":"https:\/\/artconsultingmese.de\/","name":"Art Consulting Mese","description":"Ihre Kunstberatung - unabh\u00e4ngig und diskret","publisher":{"@id":"https:\/\/artconsultingmese.de\/#organization"},"potentialAction":[{"@type":"SearchAction","target":{"@type":"EntryPoint","urlTemplate":"https:\/\/artconsultingmese.de\/?s={search_term_string}"},"query-input":{"@type":"PropertyValueSpecification","valueRequired":true,"valueName":"search_term_string"}}],"inLanguage":"en-GB"},{"@type":"Organization","@id":"https:\/\/artconsultingmese.de\/#organization","name":"Art Consulting Mese","url":"https:\/\/artconsultingmese.de\/","logo":{"@type":"ImageObject","inLanguage":"en-GB","@id":"https:\/\/artconsultingmese.de\/#\/schema\/logo\/image\/","url":"https:\/\/artconsultingmese.de\/wp-content\/uploads\/2018\/05\/cropped-cropped-Bildmarke_ArtConsultingMese_Goldeffekt-3.png","contentUrl":"https:\/\/artconsultingmese.de\/wp-content\/uploads\/2018\/05\/cropped-cropped-Bildmarke_ArtConsultingMese_Goldeffekt-3.png","width":512,"height":511,"caption":"Art Consulting Mese"},"image":{"@id":"https:\/\/artconsultingmese.de\/#\/schema\/logo\/image\/"}}]}},"jetpack_sharing_enabled":true,"_links":{"self":[{"href":"https:\/\/artconsultingmese.de\/en\/wp-json\/wp\/v2\/pages\/20475","targetHints":{"allow":["GET"]}}],"collection":[{"href":"https:\/\/artconsultingmese.de\/en\/wp-json\/wp\/v2\/pages"}],"about":[{"href":"https:\/\/artconsultingmese.de\/en\/wp-json\/wp\/v2\/types\/page"}],"author":[{"embeddable":true,"href":"https:\/\/artconsultingmese.de\/en\/wp-json\/wp\/v2\/users\/1"}],"replies":[{"embeddable":true,"href":"https:\/\/artconsultingmese.de\/en\/wp-json\/wp\/v2\/comments?post=20475"}],"version-history":[{"count":10,"href":"https:\/\/artconsultingmese.de\/en\/wp-json\/wp\/v2\/pages\/20475\/revisions"}],"predecessor-version":[{"id":20647,"href":"https:\/\/artconsultingmese.de\/en\/wp-json\/wp\/v2\/pages\/20475\/revisions\/20647"}],"wp:attachment":[{"href":"https:\/\/artconsultingmese.de\/en\/wp-json\/wp\/v2\/media?parent=20475"}],"curies":[{"name":"wp","href":"https:\/\/api.w.org\/{rel}","templated":true}]}}