{"id":20452,"date":"2025-10-22T22:31:59","date_gmt":"2025-10-22T20:31:59","guid":{"rendered":"https:\/\/artconsultingmese.de\/?page_id=20452"},"modified":"2025-10-22T23:00:49","modified_gmt":"2025-10-22T21:00:49","slug":"intention","status":"publish","type":"page","link":"https:\/\/artconsultingmese.de\/en\/intention\/","title":{"rendered":"Intention"},"content":{"rendered":"<div data-elementor-type=\"wp-page\" data-elementor-id=\"20452\" class=\"elementor elementor-20452\" data-elementor-post-type=\"page\">\n\t\t\t\t\t\t<section class=\"elementor-section elementor-top-section elementor-element elementor-element-8c498f0 elementor-section-boxed elementor-section-height-default elementor-section-height-default\" data-id=\"8c498f0\" data-element_type=\"section\" data-e-type=\"section\">\n\t\t\t\t\t\t<div class=\"elementor-container elementor-column-gap-default\">\n\t\t\t\t\t<div class=\"elementor-column elementor-col-100 elementor-top-column elementor-element elementor-element-bcfcb82\" data-id=\"bcfcb82\" data-element_type=\"column\" data-e-type=\"column\">\n\t\t\t<div class=\"elementor-widget-wrap elementor-element-populated\">\n\t\t\t\t\t\t<div class=\"elementor-element elementor-element-79846ff elementor-widget elementor-widget-image\" data-id=\"79846ff\" data-element_type=\"widget\" data-e-type=\"widget\" data-widget_type=\"image.default\">\n\t\t\t\t<div class=\"elementor-widget-container\">\n\t\t\t\t\t\t\t\t\t\t\t\t\t\t\t<img fetchpriority=\"high\" decoding=\"async\" width=\"4608\" height=\"3072\" src=\"https:\/\/artconsultingmese.de\/wp-content\/uploads\/2019\/10\/AgnieszkaMese_ersteFlugstunde.jpg\" class=\"attachment-full size-full wp-image-3880\" alt=\"\" srcset=\"https:\/\/artconsultingmese.de\/wp-content\/uploads\/2019\/10\/AgnieszkaMese_ersteFlugstunde.jpg 4608w, https:\/\/artconsultingmese.de\/wp-content\/uploads\/2019\/10\/AgnieszkaMese_ersteFlugstunde-300x200.jpg 300w, https:\/\/artconsultingmese.de\/wp-content\/uploads\/2019\/10\/AgnieszkaMese_ersteFlugstunde-768x512.jpg 768w, https:\/\/artconsultingmese.de\/wp-content\/uploads\/2019\/10\/AgnieszkaMese_ersteFlugstunde-1024x683.jpg 1024w, https:\/\/artconsultingmese.de\/wp-content\/uploads\/2019\/10\/AgnieszkaMese_ersteFlugstunde-360x240.jpg 360w, https:\/\/artconsultingmese.de\/wp-content\/uploads\/2019\/10\/AgnieszkaMese_ersteFlugstunde-272x182.jpg 272w\" sizes=\"(max-width: 4608px) 100vw, 4608px\" \/>\t\t\t\t\t\t\t\t\t\t\t\t\t\t\t<\/div>\n\t\t\t\t<\/div>\n\t\t\t\t<div class=\"elementor-element elementor-element-2ba3089 elementor-widget elementor-widget-heading\" data-id=\"2ba3089\" data-element_type=\"widget\" data-e-type=\"widget\" data-widget_type=\"heading.default\">\n\t\t\t\t<div class=\"elementor-widget-container\">\n\t\t\t\t\t<h1 class=\"elementor-heading-title elementor-size-default\">Intention<\/h1>\t\t\t\t<\/div>\n\t\t\t\t<\/div>\n\t\t\t\t<div class=\"elementor-element elementor-element-c9fe0df elementor-widget elementor-widget-heading\" data-id=\"c9fe0df\" data-element_type=\"widget\" data-e-type=\"widget\" data-widget_type=\"heading.default\">\n\t\t\t\t<div class=\"elementor-widget-container\">\n\t\t\t\t\t<h2 class=\"elementor-heading-title elementor-size-large\">Warum gibt es Art Consulting Mese<\/h2>\t\t\t\t<\/div>\n\t\t\t\t<\/div>\n\t\t\t\t<div class=\"elementor-element elementor-element-43abfbe elementor-widget elementor-widget-heading\" data-id=\"43abfbe\" data-element_type=\"widget\" data-e-type=\"widget\" data-widget_type=\"heading.default\">\n\t\t\t\t<div class=\"elementor-widget-container\">\n\t\t\t\t\t<h3 class=\"elementor-heading-title elementor-size-medium\">unabh\u00e4ngige Beratung im Sinne des Kunstk\u00e4ufers<\/h3>\t\t\t\t<\/div>\n\t\t\t\t<\/div>\n\t\t\t\t<div class=\"elementor-element elementor-element-a5a4db3 elementor-widget elementor-widget-text-editor\" data-id=\"a5a4db3\" data-element_type=\"widget\" data-e-type=\"widget\" data-widget_type=\"text-editor.default\">\n\t\t\t\t<div class=\"elementor-widget-container\">\n\t\t\t\t\t\t\t\t\tDie Idee in Eigenregie Menschen, die gern Kunst kaufen, bei ihrer Kunstauswahl zu unterst\u00fctzen, entstand bereits w\u00e4hrend meiner Zeit als ich noch im Angestelltenverh\u00e4ltnis in Galerien t\u00e4tig war. Bereits damals geh\u00f6rte es zu meinen wesentlichen Aufgaben Kunden und Kundinnen vor Ort fachlich zu beraten. Allerdings war mein Auswahl-Repertoire nur auf das der jeweiligen Galerie beschr\u00e4nkt. Selbst wenn ich wusste, dass ein anderes Kunsthaus ein besseres Angebot f\u00fcr den Kunden oder die Kundin besa\u00df, durfte ich es &#8211; aufgrund der Loyalit\u00e4t zu meinem Arbeitgeber &#8211; nicht verraten. \t\t\t\t\t\t\t\t<\/div>\n\t\t\t\t<\/div>\n\t\t\t\t<div class=\"elementor-element elementor-element-cc26e93 elementor-widget elementor-widget-text-editor\" data-id=\"cc26e93\" data-element_type=\"widget\" data-e-type=\"widget\" data-widget_type=\"text-editor.default\">\n\t\t\t\t<div class=\"elementor-widget-container\">\n\t\t\t\t\t\t\t\t\tSo sind die Regeln des Spiels &#8211; auch in der Kunstwelt. Schlie\u00dflich bekommen Sie auch keine Empfehlung f\u00fcr die Ware von Dior oder Prada, wenn Sie bei Gucci im Store stehen.\t\t\t\t\t\t\t\t<\/div>\n\t\t\t\t<\/div>\n\t\t\t\t<div class=\"elementor-element elementor-element-cc4af74 elementor-widget elementor-widget-text-editor\" data-id=\"cc4af74\" data-element_type=\"widget\" data-e-type=\"widget\" data-widget_type=\"text-editor.default\">\n\t\t\t\t<div class=\"elementor-widget-container\">\n\t\t\t\t\t\t\t\t\tGut f\u00fcr den Galeristen, schlecht f\u00fcr Sie als Kunstk\u00e4ufer oder Sammler.\t\t\t\t\t\t\t\t<\/div>\n\t\t\t\t<\/div>\n\t\t\t\t<div class=\"elementor-element elementor-element-df5cf3b elementor-widget elementor-widget-text-editor\" data-id=\"df5cf3b\" data-element_type=\"widget\" data-e-type=\"widget\" data-widget_type=\"text-editor.default\">\n\t\t\t\t<div class=\"elementor-widget-container\">\n\t\t\t\t\t\t\t\t\t&#8222;Das muss doch anders m\u00f6glich sein&#8220;, dachte ich damals.\t\t\t\t\t\t\t\t<\/div>\n\t\t\t\t<\/div>\n\t\t\t\t<div class=\"elementor-element elementor-element-91399d0 elementor-widget elementor-widget-text-editor\" data-id=\"91399d0\" data-element_type=\"widget\" data-e-type=\"widget\" data-widget_type=\"text-editor.default\">\n\t\t\t\t<div class=\"elementor-widget-container\">\n\t\t\t\t\t\t\t\t\tHeute wei\u00df ich: &#8222;Ja, tats\u00e4chlich, es geht anders.&#8220;\t\t\t\t\t\t\t\t<\/div>\n\t\t\t\t<\/div>\n\t\t\t\t<div class=\"elementor-element elementor-element-0e0d86b elementor-widget elementor-widget-image\" data-id=\"0e0d86b\" data-element_type=\"widget\" data-e-type=\"widget\" data-widget_type=\"image.default\">\n\t\t\t\t<div class=\"elementor-widget-container\">\n\t\t\t\t\t\t\t\t\t\t\t\t\t\t\t<img decoding=\"async\" width=\"683\" height=\"1024\" src=\"https:\/\/artconsultingmese.de\/wp-content\/uploads\/2025\/10\/Agnieszka_Mese-Art-Consulting-Mese-im-Frauen-Museum-Bonn-2022-20-683x1024.jpg\" class=\"attachment-large size-large wp-image-20363\" alt=\"\" srcset=\"https:\/\/artconsultingmese.de\/wp-content\/uploads\/2025\/10\/Agnieszka_Mese-Art-Consulting-Mese-im-Frauen-Museum-Bonn-2022-20-683x1024.jpg 683w, https:\/\/artconsultingmese.de\/wp-content\/uploads\/2025\/10\/Agnieszka_Mese-Art-Consulting-Mese-im-Frauen-Museum-Bonn-2022-20-200x300.jpg 200w, https:\/\/artconsultingmese.de\/wp-content\/uploads\/2025\/10\/Agnieszka_Mese-Art-Consulting-Mese-im-Frauen-Museum-Bonn-2022-20-768x1152.jpg 768w, https:\/\/artconsultingmese.de\/wp-content\/uploads\/2025\/10\/Agnieszka_Mese-Art-Consulting-Mese-im-Frauen-Museum-Bonn-2022-20-1024x1536.jpg 1024w, https:\/\/artconsultingmese.de\/wp-content\/uploads\/2025\/10\/Agnieszka_Mese-Art-Consulting-Mese-im-Frauen-Museum-Bonn-2022-20-1365x2048.jpg 1365w, https:\/\/artconsultingmese.de\/wp-content\/uploads\/2025\/10\/Agnieszka_Mese-Art-Consulting-Mese-im-Frauen-Museum-Bonn-2022-20-8x12.jpg 8w, https:\/\/artconsultingmese.de\/wp-content\/uploads\/2025\/10\/Agnieszka_Mese-Art-Consulting-Mese-im-Frauen-Museum-Bonn-2022-20-scaled.jpg 1707w\" sizes=\"(max-width: 683px) 100vw, 683px\" \/>\t\t\t\t\t\t\t\t\t\t\t\t\t\t\t<\/div>\n\t\t\t\t<\/div>\n\t\t\t\t<div class=\"elementor-element elementor-element-15dd592 elementor-widget elementor-widget-heading\" data-id=\"15dd592\" data-element_type=\"widget\" data-e-type=\"widget\" data-widget_type=\"heading.default\">\n\t\t\t\t<div class=\"elementor-widget-container\">\n\t\t\t\t\t<h3 class=\"elementor-heading-title elementor-size-medium\">DIE L\u00f6sung: UNABH\u00c4NGIGKEIT<\/h3>\t\t\t\t<\/div>\n\t\t\t\t<\/div>\n\t\t\t\t<div class=\"elementor-element elementor-element-3535ce6 elementor-widget elementor-widget-text-editor\" data-id=\"3535ce6\" data-element_type=\"widget\" data-e-type=\"widget\" data-widget_type=\"text-editor.default\">\n\t\t\t\t<div class=\"elementor-widget-container\">\n\t\t\t\t\t\t\t\t\tHierf\u00fcr braucht der Kunstk\u00e4ufer eine fachkundige Person, die KEIN wirtschaftliches Interesse daran hat, Werke nur von bestimmten K\u00fcnstlern und K\u00fcnstlerinnen, Galerien oder anderen Kunsth\u00e4usern zu empfehlen. Das funktioniert sehr gut auf Honorarbasis.\t\t\t\t\t\t\t\t<\/div>\n\t\t\t\t<\/div>\n\t\t\t\t<div class=\"elementor-element elementor-element-f3fe63a elementor-widget elementor-widget-text-editor\" data-id=\"f3fe63a\" data-element_type=\"widget\" data-e-type=\"widget\" data-widget_type=\"text-editor.default\">\n\t\t\t\t<div class=\"elementor-widget-container\">\n\t\t\t\t\t\t\t\t\tDementsprechend richtet sich meine Kunstberatung direkt an Sie als Investor bzw. Sammler. SIE sind mein Kunde und somit agiere ich zu 100% in IHREM Sinne, indem ich das Angebot des Kunstmarktes auf Qualit\u00e4t und entsprechend Ihrer Ziele \u00fcberpr\u00fcfe. Ich besitze keine Werke in Kommission, die ich m\u00f6glichst schnell verkaufen will oder bin irgendwelchen K\u00fcnstlern oder K\u00fcnstlerinnen verpflichtet, ihre Werke an den Mann zu bringen, damit ihre Reputation w\u00e4chst und somit auch unser beider Kontostand.\t\t\t\t\t\t\t\t<\/div>\n\t\t\t\t<\/div>\n\t\t\t\t<div class=\"elementor-element elementor-element-683f6bd elementor-widget elementor-widget-text-editor\" data-id=\"683f6bd\" data-element_type=\"widget\" data-e-type=\"widget\" data-widget_type=\"text-editor.default\">\n\t\t\t\t<div class=\"elementor-widget-container\">\n\t\t\t\t\t\t\t\t\tJa, ich verf\u00fcge \u00fcber eine Netzwerk von Galerien, K\u00fcnstlern und K\u00fcnstlerinnen, das ich \u00fcber Jahre aufgebaut habe. Vor kurzem habe ich eine Weltreise unternommen und somit meine Kontakte bis in den Asiatischen Raum erweitert. Dies passiert immer wieder, da neben Kunst eine meiner weiteren Passionen das Reisen und Entdecken von anderen Kulturen ist.\t\t\t\t\t\t\t\t<\/div>\n\t\t\t\t<\/div>\n\t\t\t\t<div class=\"elementor-element elementor-element-dbeb2ec elementor-widget elementor-widget-text-editor\" data-id=\"dbeb2ec\" data-element_type=\"widget\" data-e-type=\"widget\" data-widget_type=\"text-editor.default\">\n\t\t\t\t<div class=\"elementor-widget-container\">\n\t\t\t\t\t\t\t\t\tFolglich kenne ich viele der Kunstschaffenden als auch mit Kunst Handelnden pers\u00f6nlich und wei\u00df, ob sie vertrauensw\u00fcrdig sind, oder nicht. Das WICHTIGSTE hierbei ist, dass ich die Qualit\u00e4t der Kunstwerke mit eigenen Augen gepr\u00fcft sowie die Entwicklung der einzelnen Kunstschaffenden selbst analysiert habe.\t\t\t\t\t\t\t\t<\/div>\n\t\t\t\t<\/div>\n\t\t\t\t<div class=\"elementor-element elementor-element-4b7f244 elementor-widget elementor-widget-text-editor\" data-id=\"4b7f244\" data-element_type=\"widget\" data-e-type=\"widget\" data-widget_type=\"text-editor.default\">\n\t\t\t\t<div class=\"elementor-widget-container\">\n\t\t\t\t\t\t\t\t\tSo ist es durchaus schon vorgekommen, dass ich eine Aufnahme eines K\u00fcnstlers oder K\u00fcnstlerin abgelehnt habe, da sie schlechte Materialien f\u00fcr ihre Arbeiten benutzt haben, oder auch in ihrer Preisgestaltung sich dubios verhielten. F\u00fcr mich ist auch nicht der Bekanntschaftsgrad eines K\u00fcnstlers oder K\u00fcnstlerin automatisch auch das Eintrittstor f\u00fcr mein Portfolio, wenn ich von der Qualit\u00e4t seiner oder ihrer Arbeit nicht \u00fcberzeugt bin.\t\t\t\t\t\t\t\t<\/div>\n\t\t\t\t<\/div>\n\t\t\t\t<div class=\"elementor-element elementor-element-c252866 elementor-widget elementor-widget-text-editor\" data-id=\"c252866\" data-element_type=\"widget\" data-e-type=\"widget\" data-widget_type=\"text-editor.default\">\n\t\t\t\t<div class=\"elementor-widget-container\">\n\t\t\t\t\t\t\t\t\t<p>Ins Spiel bringe ich nur die Kandidaten, die f\u00fcr Sie als Kunde interessant sind. Bestimmt wird dies durch die individuellen Kriterien Ihres Kunstprojekts. Dies k\u00f6nnen Ihr Kunstgeschmack und das Hauptziel sein sowie Ihr Budget.<\/p>\t\t\t\t\t\t\t\t<\/div>\n\t\t\t\t<\/div>\n\t\t\t\t<div class=\"elementor-element elementor-element-ceb18f5 elementor-widget elementor-widget-text-editor\" data-id=\"ceb18f5\" data-element_type=\"widget\" data-e-type=\"widget\" data-widget_type=\"text-editor.default\">\n\t\t\t\t<div class=\"elementor-widget-container\">\n\t\t\t\t\t\t\t\t\t<p>Somit sch\u00f6pfe ich f\u00fcr Sie aus einem sehr umfangreichen internationalen Kunstangebot und werde somit auch meinem Anspruch gerecht ganz in IHREM Interesse zu handeln, so wie ein Art Advisor in Amerika es seit Jahren&nbsp; tut. Dort hat jeder der etwas auf sich h\u00e4lt nicht nur einen Therapeuten, sondern auch einen eigenen Kunstberater &#8211; so nun auch Sie.<\/p>\t\t\t\t\t\t\t\t<\/div>\n\t\t\t\t<\/div>\n\t\t\t\t<div class=\"elementor-element elementor-element-b8faab8 elementor-align-center elementor-widget elementor-widget-button\" data-id=\"b8faab8\" data-element_type=\"widget\" data-e-type=\"widget\" data-settings=\"{&quot;_animation&quot;:&quot;none&quot;}\" data-widget_type=\"button.default\">\n\t\t\t\t<div class=\"elementor-widget-container\">\n\t\t\t\t\t\t\t\t\t<div class=\"elementor-button-wrapper\">\n\t\t\t\t\t<a class=\"elementor-button elementor-button-link elementor-size-sm elementor-animation-pulse-grow\" href=\"http:\/\/www.artconsultingmese.de\/leistungen\">\n\t\t\t\t\t\t<span class=\"elementor-button-content-wrapper\">\n\t\t\t\t\t\t\t\t\t<span class=\"elementor-button-text\">Hier finden Sie meine Leistungen<\/span>\n\t\t\t\t\t<\/span>\n\t\t\t\t\t<\/a>\n\t\t\t\t<\/div>\n\t\t\t\t\t\t\t\t<\/div>\n\t\t\t\t<\/div>\n\t\t\t\t\t<\/div>\n\t\t<\/div>\n\t\t\t\t\t<\/div>\n\t\t<\/section>\n\t\t\t\t<section class=\"elementor-section elementor-top-section elementor-element elementor-element-b16006a elementor-section-boxed elementor-section-height-default elementor-section-height-default\" data-id=\"b16006a\" data-element_type=\"section\" data-e-type=\"section\">\n\t\t\t\t\t\t<div class=\"elementor-container elementor-column-gap-default\">\n\t\t\t\t\t<div class=\"elementor-column elementor-col-100 elementor-top-column elementor-element elementor-element-87862c4\" data-id=\"87862c4\" data-element_type=\"column\" data-e-type=\"column\">\n\t\t\t<div class=\"elementor-widget-wrap elementor-element-populated\">\n\t\t\t\t\t\t<div class=\"elementor-element elementor-element-69f37ab elementor-widget-divider--view-line_icon elementor-view-default elementor-widget-divider--element-align-center elementor-widget elementor-widget-divider\" data-id=\"69f37ab\" data-element_type=\"widget\" data-e-type=\"widget\" data-widget_type=\"divider.default\">\n\t\t\t\t<div class=\"elementor-widget-container\">\n\t\t\t\t\t\t\t<div class=\"elementor-divider\">\n\t\t\t<span class=\"elementor-divider-separator\">\n\t\t\t\t\t\t\t<div class=\"elementor-icon elementor-divider__element\">\n\t\t\t\t\t<svg aria-hidden=\"true\" class=\"e-font-icon-svg e-fas-circle\" viewbox=\"0 0 512 512\" xmlns=\"http:\/\/www.w3.org\/2000\/svg\"><path d=\"M256 8C119 8 8 119 8 256s111 248 248 248 248-111 248-248S393 8 256 8z\"><\/path><\/svg><\/div>\n\t\t\t\t\t\t<\/span>\n\t\t<\/div>\n\t\t\t\t\t\t<\/div>\n\t\t\t\t<\/div>\n\t\t\t\t<div class=\"elementor-element elementor-element-2bc1ef8 elementor-widget elementor-widget-text-editor\" data-id=\"2bc1ef8\" data-element_type=\"widget\" data-e-type=\"widget\" data-widget_type=\"text-editor.default\">\n\t\t\t\t<div class=\"elementor-widget-container\">\n\t\t\t\t\t\t\t\t\tArt Consulting Mese\t\t\t\t\t\t\t\t<\/div>\n\t\t\t\t<\/div>\n\t\t\t\t<div class=\"elementor-element elementor-element-db14053 elementor-widget elementor-widget-text-editor\" data-id=\"db14053\" data-element_type=\"widget\" data-e-type=\"widget\" data-widget_type=\"text-editor.default\">\n\t\t\t\t<div class=\"elementor-widget-container\">\n\t\t\t\t\t\t\t\t\tIhre pers\u00f6nliche Kunstberatung &#8211; unabh\u00e4ngig &amp; diskret\t\t\t\t\t\t\t\t<\/div>\n\t\t\t\t<\/div>\n\t\t\t\t\t<\/div>\n\t\t<\/div>\n\t\t\t\t\t<\/div>\n\t\t<\/section>\n\t\t\t\t<\/div>","protected":false},"excerpt":{"rendered":"<p>Intention Warum gibt es Art Consulting Mese unabh\u00e4ngige Beratung im Sinne des Kunstk\u00e4ufers Die Idee in Eigenregie Menschen, die gern Kunst kaufen, bei ihrer Kunstauswahl zu unterst\u00fctzen, entstand bereits w\u00e4hrend meiner Zeit als ich noch im Angestelltenverh\u00e4ltnis in Galerien t\u00e4tig war. Bereits damals geh\u00f6rte es zu meinen wesentlichen Aufgaben Kunden [&hellip;]<\/p>","protected":false},"author":1,"featured_media":0,"parent":0,"menu_order":0,"comment_status":"closed","ping_status":"closed","template":"page-templates\/template-pagebuilder-full-width.php","meta":{"footnotes":""},"class_list":["post-20452","page","type-page","status-publish","hentry"],"yoast_head":"<!-- This site is optimized with the Yoast SEO plugin v27.6 - https:\/\/yoast.com\/product\/yoast-seo-wordpress\/ -->\n<title>Intention - Art Consulting Mese<\/title>\n<meta name=\"description\" content=\"Die Intention von Art Consulting Mese ist simpel: Kunstk\u00e4ufer und Sammler in ihrem Sinne beraten. Wie? UNABH\u00c4NGIG!\" \/>\n<meta name=\"robots\" content=\"index, follow, max-snippet:-1, max-image-preview:large, max-video-preview:-1\" \/>\n<link rel=\"canonical\" href=\"https:\/\/artconsultingmese.de\/en\/intention\/\" \/>\n<meta property=\"og:locale\" content=\"en_GB\" \/>\n<meta property=\"og:type\" content=\"article\" \/>\n<meta property=\"og:title\" content=\"Intention - Art Consulting Mese\" \/>\n<meta property=\"og:description\" content=\"Die Intention von Art Consulting Mese ist simpel: Kunstk\u00e4ufer und Sammler in ihrem Sinne beraten. Wie? UNABH\u00c4NGIG!\" \/>\n<meta property=\"og:url\" content=\"https:\/\/artconsultingmese.de\/en\/intention\/\" \/>\n<meta property=\"og:site_name\" content=\"Art Consulting Mese\" \/>\n<meta property=\"article:modified_time\" content=\"2025-10-22T21:00:49+00:00\" \/>\n<meta property=\"og:image\" content=\"https:\/\/artconsultingmese.de\/wp-content\/uploads\/2019\/10\/AgnieszkaMese_ersteFlugstunde.jpg\" \/>\n<meta name=\"twitter:card\" content=\"summary_large_image\" \/>\n<meta name=\"twitter:label1\" content=\"Estimated reading time\" \/>\n\t<meta name=\"twitter:data1\" content=\"4 minutes\" \/>\n<script type=\"application\/ld+json\" class=\"yoast-schema-graph\">{\"@context\":\"https:\\\/\\\/schema.org\",\"@graph\":[{\"@type\":\"WebPage\",\"@id\":\"https:\\\/\\\/artconsultingmese.de\\\/intention\\\/\",\"url\":\"https:\\\/\\\/artconsultingmese.de\\\/intention\\\/\",\"name\":\"Intention - Art Consulting Mese\",\"isPartOf\":{\"@id\":\"https:\\\/\\\/artconsultingmese.de\\\/#website\"},\"primaryImageOfPage\":{\"@id\":\"https:\\\/\\\/artconsultingmese.de\\\/intention\\\/#primaryimage\"},\"image\":{\"@id\":\"https:\\\/\\\/artconsultingmese.de\\\/intention\\\/#primaryimage\"},\"thumbnailUrl\":\"https:\\\/\\\/artconsultingmese.de\\\/wp-content\\\/uploads\\\/2019\\\/10\\\/AgnieszkaMese_ersteFlugstunde.jpg\",\"datePublished\":\"2025-10-22T20:31:59+00:00\",\"dateModified\":\"2025-10-22T21:00:49+00:00\",\"description\":\"Die Intention von Art Consulting Mese ist simpel: Kunstk\u00e4ufer und Sammler in ihrem Sinne beraten. Wie? UNABH\u00c4NGIG!\",\"breadcrumb\":{\"@id\":\"https:\\\/\\\/artconsultingmese.de\\\/intention\\\/#breadcrumb\"},\"inLanguage\":\"en-GB\",\"potentialAction\":[{\"@type\":\"ReadAction\",\"target\":[\"https:\\\/\\\/artconsultingmese.de\\\/intention\\\/\"]}]},{\"@type\":\"ImageObject\",\"inLanguage\":\"en-GB\",\"@id\":\"https:\\\/\\\/artconsultingmese.de\\\/intention\\\/#primaryimage\",\"url\":\"https:\\\/\\\/artconsultingmese.de\\\/wp-content\\\/uploads\\\/2019\\\/10\\\/AgnieszkaMese_ersteFlugstunde.jpg\",\"contentUrl\":\"https:\\\/\\\/artconsultingmese.de\\\/wp-content\\\/uploads\\\/2019\\\/10\\\/AgnieszkaMese_ersteFlugstunde.jpg\"},{\"@type\":\"BreadcrumbList\",\"@id\":\"https:\\\/\\\/artconsultingmese.de\\\/intention\\\/#breadcrumb\",\"itemListElement\":[{\"@type\":\"ListItem\",\"position\":1,\"name\":\"Startseite\",\"item\":\"https:\\\/\\\/artconsultingmese.de\\\/\"},{\"@type\":\"ListItem\",\"position\":2,\"name\":\"Intention\"}]},{\"@type\":\"WebSite\",\"@id\":\"https:\\\/\\\/artconsultingmese.de\\\/#website\",\"url\":\"https:\\\/\\\/artconsultingmese.de\\\/\",\"name\":\"Art Consulting Mese\",\"description\":\"Ihre Kunstberatung - unabh\u00e4ngig und diskret\",\"publisher\":{\"@id\":\"https:\\\/\\\/artconsultingmese.de\\\/#organization\"},\"potentialAction\":[{\"@type\":\"SearchAction\",\"target\":{\"@type\":\"EntryPoint\",\"urlTemplate\":\"https:\\\/\\\/artconsultingmese.de\\\/?s={search_term_string}\"},\"query-input\":{\"@type\":\"PropertyValueSpecification\",\"valueRequired\":true,\"valueName\":\"search_term_string\"}}],\"inLanguage\":\"en-GB\"},{\"@type\":\"Organization\",\"@id\":\"https:\\\/\\\/artconsultingmese.de\\\/#organization\",\"name\":\"Art Consulting Mese\",\"url\":\"https:\\\/\\\/artconsultingmese.de\\\/\",\"logo\":{\"@type\":\"ImageObject\",\"inLanguage\":\"en-GB\",\"@id\":\"https:\\\/\\\/artconsultingmese.de\\\/#\\\/schema\\\/logo\\\/image\\\/\",\"url\":\"https:\\\/\\\/artconsultingmese.de\\\/wp-content\\\/uploads\\\/2018\\\/05\\\/cropped-cropped-Bildmarke_ArtConsultingMese_Goldeffekt-3.png\",\"contentUrl\":\"https:\\\/\\\/artconsultingmese.de\\\/wp-content\\\/uploads\\\/2018\\\/05\\\/cropped-cropped-Bildmarke_ArtConsultingMese_Goldeffekt-3.png\",\"width\":512,\"height\":511,\"caption\":\"Art Consulting Mese\"},\"image\":{\"@id\":\"https:\\\/\\\/artconsultingmese.de\\\/#\\\/schema\\\/logo\\\/image\\\/\"}}]}<\/script>\n<!-- \/ Yoast SEO plugin. -->","yoast_head_json":{"title":"Intention - Art Consulting Mese","description":"Die Intention von Art Consulting Mese ist simpel: Kunstk\u00e4ufer und Sammler in ihrem Sinne beraten. Wie? UNABH\u00c4NGIG!","robots":{"index":"index","follow":"follow","max-snippet":"max-snippet:-1","max-image-preview":"max-image-preview:large","max-video-preview":"max-video-preview:-1"},"canonical":"https:\/\/artconsultingmese.de\/en\/intention\/","og_locale":"en_GB","og_type":"article","og_title":"Intention - Art Consulting Mese","og_description":"Die Intention von Art Consulting Mese ist simpel: Kunstk\u00e4ufer und Sammler in ihrem Sinne beraten. Wie? UNABH\u00c4NGIG!","og_url":"https:\/\/artconsultingmese.de\/en\/intention\/","og_site_name":"Art Consulting Mese","article_modified_time":"2025-10-22T21:00:49+00:00","og_image":[{"url":"https:\/\/artconsultingmese.de\/wp-content\/uploads\/2019\/10\/AgnieszkaMese_ersteFlugstunde.jpg","type":"","width":"","height":""}],"twitter_card":"summary_large_image","twitter_misc":{"Estimated reading time":"4 minutes"},"schema":{"@context":"https:\/\/schema.org","@graph":[{"@type":"WebPage","@id":"https:\/\/artconsultingmese.de\/intention\/","url":"https:\/\/artconsultingmese.de\/intention\/","name":"Intention - Art Consulting Mese","isPartOf":{"@id":"https:\/\/artconsultingmese.de\/#website"},"primaryImageOfPage":{"@id":"https:\/\/artconsultingmese.de\/intention\/#primaryimage"},"image":{"@id":"https:\/\/artconsultingmese.de\/intention\/#primaryimage"},"thumbnailUrl":"https:\/\/artconsultingmese.de\/wp-content\/uploads\/2019\/10\/AgnieszkaMese_ersteFlugstunde.jpg","datePublished":"2025-10-22T20:31:59+00:00","dateModified":"2025-10-22T21:00:49+00:00","description":"Die Intention von Art Consulting Mese ist simpel: Kunstk\u00e4ufer und Sammler in ihrem Sinne beraten. Wie? UNABH\u00c4NGIG!","breadcrumb":{"@id":"https:\/\/artconsultingmese.de\/intention\/#breadcrumb"},"inLanguage":"en-GB","potentialAction":[{"@type":"ReadAction","target":["https:\/\/artconsultingmese.de\/intention\/"]}]},{"@type":"ImageObject","inLanguage":"en-GB","@id":"https:\/\/artconsultingmese.de\/intention\/#primaryimage","url":"https:\/\/artconsultingmese.de\/wp-content\/uploads\/2019\/10\/AgnieszkaMese_ersteFlugstunde.jpg","contentUrl":"https:\/\/artconsultingmese.de\/wp-content\/uploads\/2019\/10\/AgnieszkaMese_ersteFlugstunde.jpg"},{"@type":"BreadcrumbList","@id":"https:\/\/artconsultingmese.de\/intention\/#breadcrumb","itemListElement":[{"@type":"ListItem","position":1,"name":"Startseite","item":"https:\/\/artconsultingmese.de\/"},{"@type":"ListItem","position":2,"name":"Intention"}]},{"@type":"WebSite","@id":"https:\/\/artconsultingmese.de\/#website","url":"https:\/\/artconsultingmese.de\/","name":"Art Consulting Mese","description":"Ihre Kunstberatung - unabh\u00e4ngig und diskret","publisher":{"@id":"https:\/\/artconsultingmese.de\/#organization"},"potentialAction":[{"@type":"SearchAction","target":{"@type":"EntryPoint","urlTemplate":"https:\/\/artconsultingmese.de\/?s={search_term_string}"},"query-input":{"@type":"PropertyValueSpecification","valueRequired":true,"valueName":"search_term_string"}}],"inLanguage":"en-GB"},{"@type":"Organization","@id":"https:\/\/artconsultingmese.de\/#organization","name":"Art Consulting Mese","url":"https:\/\/artconsultingmese.de\/","logo":{"@type":"ImageObject","inLanguage":"en-GB","@id":"https:\/\/artconsultingmese.de\/#\/schema\/logo\/image\/","url":"https:\/\/artconsultingmese.de\/wp-content\/uploads\/2018\/05\/cropped-cropped-Bildmarke_ArtConsultingMese_Goldeffekt-3.png","contentUrl":"https:\/\/artconsultingmese.de\/wp-content\/uploads\/2018\/05\/cropped-cropped-Bildmarke_ArtConsultingMese_Goldeffekt-3.png","width":512,"height":511,"caption":"Art Consulting Mese"},"image":{"@id":"https:\/\/artconsultingmese.de\/#\/schema\/logo\/image\/"}}]}},"jetpack_sharing_enabled":true,"_links":{"self":[{"href":"https:\/\/artconsultingmese.de\/en\/wp-json\/wp\/v2\/pages\/20452","targetHints":{"allow":["GET"]}}],"collection":[{"href":"https:\/\/artconsultingmese.de\/en\/wp-json\/wp\/v2\/pages"}],"about":[{"href":"https:\/\/artconsultingmese.de\/en\/wp-json\/wp\/v2\/types\/page"}],"author":[{"embeddable":true,"href":"https:\/\/artconsultingmese.de\/en\/wp-json\/wp\/v2\/users\/1"}],"replies":[{"embeddable":true,"href":"https:\/\/artconsultingmese.de\/en\/wp-json\/wp\/v2\/comments?post=20452"}],"version-history":[{"count":8,"href":"https:\/\/artconsultingmese.de\/en\/wp-json\/wp\/v2\/pages\/20452\/revisions"}],"predecessor-version":[{"id":20467,"href":"https:\/\/artconsultingmese.de\/en\/wp-json\/wp\/v2\/pages\/20452\/revisions\/20467"}],"wp:attachment":[{"href":"https:\/\/artconsultingmese.de\/en\/wp-json\/wp\/v2\/media?parent=20452"}],"curies":[{"name":"wp","href":"https:\/\/api.w.org\/{rel}","templated":true}]}}